{"id":83,"date":"2023-11-20T17:36:01","date_gmt":"2023-11-20T17:36:01","guid":{"rendered":"https:\/\/administradoracmj.com\/?page_id=83"},"modified":"2023-11-23T17:28:44","modified_gmt":"2023-11-23T17:28:44","slug":"inicio","status":"publish","type":"page","link":"https:\/\/administradoracmj.com\/ca\/","title":{"rendered":"Carmen Moreno: Tu Abogada y Administradora de Fincas de Confianza"},"content":{"rendered":"<div data-elementor-type=\"wp-page\" data-elementor-id=\"83\" class=\"elementor elementor-83\" data-elementor-post-type=\"page\">\n\t\t\t\t<div class=\"elementor-element elementor-element-96308b1 e-flex e-con-boxed e-con e-parent\" data-id=\"96308b1\" data-element_type=\"container\" data-settings=\"{&quot;background_background&quot;:&quot;classic&quot;}\" data-core-v316-plus=\"true\">\n\t\t\t\t\t<div class=\"e-con-inner\">\n\t\t\t\t<div class=\"elementor-element elementor-element-c1a66b8 elementor-widget-tablet__width-initial elementor-widget elementor-widget-heading\" data-id=\"c1a66b8\" data-element_type=\"widget\" data-widget_type=\"heading.default\">\n\t\t\t\t<div class=\"elementor-widget-container\">\n\t\t\t<style>\/*! elementor - v3.20.0 - 26-03-2024 *\/\n.elementor-heading-title{padding:0;margin:0;line-height:1}.elementor-widget-heading .elementor-heading-title[class*=elementor-size-]>a{color:inherit;font-size:inherit;line-height:inherit}.elementor-widget-heading .elementor-heading-title.elementor-size-small{font-size:15px}.elementor-widget-heading .elementor-heading-title.elementor-size-medium{font-size:19px}.elementor-widget-heading .elementor-heading-title.elementor-size-large{font-size:29px}.elementor-widget-heading .elementor-heading-title.elementor-size-xl{font-size:39px}.elementor-widget-heading .elementor-heading-title.elementor-size-xxl{font-size:59px}<\/style><h2 class=\"elementor-heading-title elementor-size-default\">Carmen Moreno<\/h2>\t\t<\/div>\n\t\t\t\t<\/div>\n\t\t\t\t<div class=\"elementor-element elementor-element-5bfd713 elementor-widget-tablet__width-initial elementor-widget elementor-widget-heading\" data-id=\"5bfd713\" data-element_type=\"widget\" data-widget_type=\"heading.default\">\n\t\t\t\t<div class=\"elementor-widget-container\">\n\t\t\t<h1 class=\"elementor-heading-title elementor-size-default\">La teva Advocada i Administradora<br>de Finques de Confian\u00e7a<\/h1>\t\t<\/div>\n\t\t\t\t<\/div>\n\t\t\t\t\t<\/div>\n\t\t\t\t<\/div>\n\t\t<div class=\"elementor-element elementor-element-39f0d12 e-flex e-con-boxed e-con e-parent\" data-id=\"39f0d12\" data-element_type=\"container\" data-core-v316-plus=\"true\">\n\t\t\t\t\t<div class=\"e-con-inner\">\n\t\t<div class=\"elementor-element elementor-element-df8af30 e-con-full e-flex e-con e-child\" data-id=\"df8af30\" data-element_type=\"container\">\n\t\t\t\t<div class=\"elementor-element elementor-element-8474976 animated-slow elementor-invisible elementor-widget elementor-widget-image\" data-id=\"8474976\" data-element_type=\"widget\" data-settings=\"{&quot;_animation&quot;:&quot;fadeInLeft&quot;}\" data-widget_type=\"image.default\">\n\t\t\t\t<div class=\"elementor-widget-container\">\n\t\t\t<style>\/*! elementor - v3.20.0 - 26-03-2024 *\/\n.elementor-widget-image{text-align:center}.elementor-widget-image a{display:inline-block}.elementor-widget-image a img[src$=\".svg\"]{width:48px}.elementor-widget-image img{vertical-align:middle;display:inline-block}<\/style>\t\t\t\t\t\t\t\t\t\t<img fetchpriority=\"high\" decoding=\"async\" width=\"683\" height=\"1024\" src=\"https:\/\/administradoracmj.com\/wp-content\/uploads\/2023\/11\/kelly-sikkema-m4kw7twpA6k-unsplash-683x1024.webp\" class=\"attachment-large size-large wp-image-101\" alt=\"\" srcset=\"https:\/\/administradoracmj.com\/wp-content\/uploads\/2023\/11\/kelly-sikkema-m4kw7twpA6k-unsplash-683x1024.webp 683w, https:\/\/administradoracmj.com\/wp-content\/uploads\/2023\/11\/kelly-sikkema-m4kw7twpA6k-unsplash-200x300.webp 200w, https:\/\/administradoracmj.com\/wp-content\/uploads\/2023\/11\/kelly-sikkema-m4kw7twpA6k-unsplash-768x1152.webp 768w, https:\/\/administradoracmj.com\/wp-content\/uploads\/2023\/11\/kelly-sikkema-m4kw7twpA6k-unsplash-1024x1536.webp 1024w, https:\/\/administradoracmj.com\/wp-content\/uploads\/2023\/11\/kelly-sikkema-m4kw7twpA6k-unsplash.webp 1280w\" sizes=\"(max-width: 683px) 100vw, 683px\" \/>\t\t\t\t\t\t\t\t\t\t\t\t\t<\/div>\n\t\t\t\t<\/div>\n\t\t\t\t<\/div>\n\t\t<div class=\"elementor-element elementor-element-7a562f3 e-con-full e-flex e-con e-child\" data-id=\"7a562f3\" data-element_type=\"container\">\n\t\t\t\t<div class=\"elementor-element elementor-element-e8cb7e7 animated-slow elementor-invisible elementor-widget elementor-widget-heading\" data-id=\"e8cb7e7\" data-element_type=\"widget\" data-settings=\"{&quot;_animation&quot;:&quot;fadeIn&quot;,&quot;_animation_delay&quot;:300}\" data-widget_type=\"heading.default\">\n\t\t\t\t<div class=\"elementor-widget-container\">\n\t\t\t<h3 class=\"elementor-heading-title elementor-size-default\">Benvinguts a l'oficina de <br>Carmen Moreno, <\/h3>\t\t<\/div>\n\t\t\t\t<\/div>\n\t\t\t\t<div class=\"elementor-element elementor-element-16653ce animated-slow elementor-invisible elementor-widget elementor-widget-text-editor\" data-id=\"16653ce\" data-element_type=\"widget\" data-settings=\"{&quot;_animation&quot;:&quot;fadeIn&quot;,&quot;_animation_delay&quot;:400}\" data-widget_type=\"text-editor.default\">\n\t\t\t\t<div class=\"elementor-widget-container\">\n\t\t\t<style>\/*! elementor - v3.20.0 - 26-03-2024 *\/\n.elementor-widget-text-editor.elementor-drop-cap-view-stacked .elementor-drop-cap{background-color:#69727d;color:#fff}.elementor-widget-text-editor.elementor-drop-cap-view-framed .elementor-drop-cap{color:#69727d;border:3px solid;background-color:transparent}.elementor-widget-text-editor:not(.elementor-drop-cap-view-default) .elementor-drop-cap{margin-top:8px}.elementor-widget-text-editor:not(.elementor-drop-cap-view-default) .elementor-drop-cap-letter{width:1em;height:1em}.elementor-widget-text-editor .elementor-drop-cap{float:left;text-align:center;line-height:1;font-size:50px}.elementor-widget-text-editor .elementor-drop-cap-letter{display:inline-block}<\/style>\t\t\t\t<p>on m\u00e9s de 25 anys d'experi\u00e8ncia en dret i administraci\u00f3 de finques s'uneixen per a brindar-te un servei excepcional.<\/p><p>Col\u00b7legiada tant en el Col\u00b7legi d'Advocats de Sabadell com en el d'Administradors de Finques de Barcelona i Lleida, Carme ofereix una mescla \u00fanica de coneixements i habilitats.<\/p>\t\t\t\t\t\t<\/div>\n\t\t\t\t<\/div>\n\t\t\t\t<div class=\"elementor-element elementor-element-3a14548 animated-slow elementor-invisible elementor-widget elementor-widget-image\" data-id=\"3a14548\" data-element_type=\"widget\" data-settings=\"{&quot;_animation&quot;:&quot;fadeInRight&quot;,&quot;_animation_delay&quot;:200}\" data-widget_type=\"image.default\">\n\t\t\t\t<div class=\"elementor-widget-container\">\n\t\t\t\t\t\t\t\t\t\t\t\t\t<img decoding=\"async\" width=\"800\" height=\"532\" src=\"https:\/\/administradoracmj.com\/wp-content\/uploads\/2023\/11\/s-o-c-i-a-l-c-u-t-1RT4txDDAbM-unsplash-1024x681.webp\" class=\"attachment-large size-large wp-image-105\" alt=\"\" srcset=\"https:\/\/administradoracmj.com\/wp-content\/uploads\/2023\/11\/s-o-c-i-a-l-c-u-t-1RT4txDDAbM-unsplash-1024x681.webp 1024w, https:\/\/administradoracmj.com\/wp-content\/uploads\/2023\/11\/s-o-c-i-a-l-c-u-t-1RT4txDDAbM-unsplash-300x200.webp 300w, https:\/\/administradoracmj.com\/wp-content\/uploads\/2023\/11\/s-o-c-i-a-l-c-u-t-1RT4txDDAbM-unsplash-768x511.webp 768w, https:\/\/administradoracmj.com\/wp-content\/uploads\/2023\/11\/s-o-c-i-a-l-c-u-t-1RT4txDDAbM-unsplash-1536x1022.webp 1536w, https:\/\/administradoracmj.com\/wp-content\/uploads\/2023\/11\/s-o-c-i-a-l-c-u-t-1RT4txDDAbM-unsplash.webp 1920w\" sizes=\"(max-width: 800px) 100vw, 800px\" \/>\t\t\t\t\t\t\t\t\t\t\t\t\t<\/div>\n\t\t\t\t<\/div>\n\t\t\t\t<\/div>\n\t\t\t\t\t<\/div>\n\t\t\t\t<\/div>\n\t\t<div class=\"elementor-element elementor-element-89fa56b e-flex e-con-boxed e-con e-parent\" data-id=\"89fa56b\" data-element_type=\"container\" data-core-v316-plus=\"true\">\n\t\t\t\t\t<div class=\"e-con-inner\">\n\t\t\t\t<div class=\"elementor-element elementor-element-eee0cf7 animated-slow elementor-invisible elementor-widget elementor-widget-text-editor\" data-id=\"eee0cf7\" data-element_type=\"widget\" data-settings=\"{&quot;_animation&quot;:&quot;fadeIn&quot;,&quot;_animation_delay&quot;:400}\" data-widget_type=\"text-editor.default\">\n\t\t\t\t<div class=\"elementor-widget-container\">\n\t\t\t\t\t\t\tEn el nostre negoci familiar, ens enorgullim del nostre tracte directe i personal amb cada client, garantint solucions a mesura que reflecteixen la nostra profunda comprensi\u00f3 i comprom\u00eds amb les teves necessitats.\t\t\t\t\t\t<\/div>\n\t\t\t\t<\/div>\n\t\t\t\t\t<\/div>\n\t\t\t\t<\/div>\n\t\t\t\t<\/div>","protected":false},"excerpt":{"rendered":"<p>Carmen Moreno Tu Abogada y Administradorade Fincas de Confianza Bienvenidos a la oficina de Carmen Moreno, donde m\u00e1s de 25 a\u00f1os de experiencia en derecho y administraci\u00f3n de fincas se unen para brindarte un servicio excepcional. Colegiada tanto en el Colegio de Abogados de Sabadell como en el de Administradores de Fincas de Barcelona y [&hellip;]<\/p>","protected":false},"author":1,"featured_media":0,"parent":0,"menu_order":0,"comment_status":"closed","ping_status":"closed","template":"","meta":{"footnotes":""},"class_list":["post-83","page","type-page","status-publish","hentry"],"yoast_head":"<!-- This site is optimized with the Yoast SEO plugin v22.4 - https:\/\/yoast.com\/wordpress\/plugins\/seo\/ -->\n<title>Carmen Moreno: Tu Abogada y Administradora de Fincas de Confianza - Carmen Moreno<\/title>\n<meta name=\"robots\" content=\"index, follow, max-snippet:-1, max-image-preview:large, max-video-preview:-1\" \/>\n<link rel=\"canonical\" href=\"https:\/\/administradoracmj.com\/ca\/\" \/>\n<meta property=\"og:locale\" content=\"ca_ES\" \/>\n<meta property=\"og:type\" content=\"article\" \/>\n<meta property=\"og:title\" content=\"Carmen Moreno: Tu Abogada y Administradora de Fincas de Confianza - Carmen Moreno\" \/>\n<meta property=\"og:description\" content=\"Carmen Moreno Tu Abogada y Administradorade Fincas de Confianza Bienvenidos a la oficina de Carmen Moreno, donde m\u00e1s de 25 a\u00f1os de experiencia en derecho y administraci\u00f3n de fincas se unen para brindarte un servicio excepcional. Colegiada tanto en el Colegio de Abogados de Sabadell como en el de Administradores de Fincas de Barcelona y [&hellip;]\" \/>\n<meta property=\"og:url\" content=\"https:\/\/administradoracmj.com\/ca\/\" \/>\n<meta property=\"og:site_name\" content=\"Carmen Moreno\" \/>\n<meta property=\"article:modified_time\" content=\"2023-11-23T17:28:44+00:00\" \/>\n<meta property=\"og:image\" content=\"https:\/\/administradoracmj.com\/wp-content\/uploads\/2023\/11\/kelly-sikkema-m4kw7twpA6k-unsplash-683x1024.webp\" \/>\n<meta name=\"twitter:card\" content=\"summary_large_image\" \/>\n<meta name=\"twitter:label1\" content=\"Temps estimat de lectura\" \/>\n\t<meta name=\"twitter:data1\" content=\"1 minut\" \/>\n<script type=\"application\/ld+json\" class=\"yoast-schema-graph\">{\"@context\":\"https:\/\/schema.org\",\"@graph\":[{\"@type\":\"WebPage\",\"@id\":\"https:\/\/administradoracmj.com\/\",\"url\":\"https:\/\/administradoracmj.com\/\",\"name\":\"Carmen Moreno: Tu Abogada y Administradora de Fincas de Confianza - Carmen Moreno\",\"isPartOf\":{\"@id\":\"https:\/\/administradoracmj.com\/#website\"},\"primaryImageOfPage\":{\"@id\":\"https:\/\/administradoracmj.com\/#primaryimage\"},\"image\":{\"@id\":\"https:\/\/administradoracmj.com\/#primaryimage\"},\"thumbnailUrl\":\"https:\/\/administradoracmj.com\/wp-content\/uploads\/2023\/11\/kelly-sikkema-m4kw7twpA6k-unsplash-683x1024.webp\",\"datePublished\":\"2023-11-20T17:36:01+00:00\",\"dateModified\":\"2023-11-23T17:28:44+00:00\",\"breadcrumb\":{\"@id\":\"https:\/\/administradoracmj.com\/#breadcrumb\"},\"inLanguage\":\"ca\",\"potentialAction\":[{\"@type\":\"ReadAction\",\"target\":[\"https:\/\/administradoracmj.com\/\"]}]},{\"@type\":\"ImageObject\",\"inLanguage\":\"ca\",\"@id\":\"https:\/\/administradoracmj.com\/#primaryimage\",\"url\":\"https:\/\/administradoracmj.com\/wp-content\/uploads\/2023\/11\/kelly-sikkema-m4kw7twpA6k-unsplash-683x1024.webp\",\"contentUrl\":\"https:\/\/administradoracmj.com\/wp-content\/uploads\/2023\/11\/kelly-sikkema-m4kw7twpA6k-unsplash-683x1024.webp\"},{\"@type\":\"BreadcrumbList\",\"@id\":\"https:\/\/administradoracmj.com\/#breadcrumb\",\"itemListElement\":[{\"@type\":\"ListItem\",\"position\":1,\"name\":\"Portada\",\"item\":\"https:\/\/administradoracmj.com\/\"},{\"@type\":\"ListItem\",\"position\":2,\"name\":\"Carmen Moreno: Tu Abogada y Administradora de Fincas de Confianza\"}]},{\"@type\":\"WebSite\",\"@id\":\"https:\/\/administradoracmj.com\/#website\",\"url\":\"https:\/\/administradoracmj.com\/\",\"name\":\"Carmen Moreno\",\"description\":\"Carmen Moreno: Tu Abogada y Administradora de Fincas de Confianza\",\"publisher\":{\"@id\":\"https:\/\/administradoracmj.com\/#organization\"},\"potentialAction\":[{\"@type\":\"SearchAction\",\"target\":{\"@type\":\"EntryPoint\",\"urlTemplate\":\"https:\/\/administradoracmj.com\/?s={search_term_string}\"},\"query-input\":\"required name=search_term_string\"}],\"inLanguage\":\"ca\"},{\"@type\":\"Organization\",\"@id\":\"https:\/\/administradoracmj.com\/#organization\",\"name\":\"Carmen Moreno\",\"url\":\"https:\/\/administradoracmj.com\/\",\"logo\":{\"@type\":\"ImageObject\",\"inLanguage\":\"ca\",\"@id\":\"https:\/\/administradoracmj.com\/#\/schema\/logo\/image\/\",\"url\":\"https:\/\/administradoracmj.com\/wp-content\/uploads\/2023\/11\/logo_yello.png\",\"contentUrl\":\"https:\/\/administradoracmj.com\/wp-content\/uploads\/2023\/11\/logo_yello.png\",\"width\":3343,\"height\":362,\"caption\":\"Carmen Moreno\"},\"image\":{\"@id\":\"https:\/\/administradoracmj.com\/#\/schema\/logo\/image\/\"}}]}<\/script>\n<!-- \/ Yoast SEO plugin. -->","yoast_head_json":{"title":"Carmen Moreno: Tu Abogada y Administradora de Fincas de Confianza - Carmen Moreno","robots":{"index":"index","follow":"follow","max-snippet":"max-snippet:-1","max-image-preview":"max-image-preview:large","max-video-preview":"max-video-preview:-1"},"canonical":"https:\/\/administradoracmj.com\/ca\/","og_locale":"ca_ES","og_type":"article","og_title":"Carmen Moreno: Tu Abogada y Administradora de Fincas de Confianza - Carmen Moreno","og_description":"Carmen Moreno Tu Abogada y Administradorade Fincas de Confianza Bienvenidos a la oficina de Carmen Moreno, donde m\u00e1s de 25 a\u00f1os de experiencia en derecho y administraci\u00f3n de fincas se unen para brindarte un servicio excepcional. Colegiada tanto en el Colegio de Abogados de Sabadell como en el de Administradores de Fincas de Barcelona y [&hellip;]","og_url":"https:\/\/administradoracmj.com\/ca\/","og_site_name":"Carmen Moreno","article_modified_time":"2023-11-23T17:28:44+00:00","og_image":[{"url":"https:\/\/administradoracmj.com\/wp-content\/uploads\/2023\/11\/kelly-sikkema-m4kw7twpA6k-unsplash-683x1024.webp"}],"twitter_card":"summary_large_image","twitter_misc":{"Temps estimat de lectura":"1 minut"},"schema":{"@context":"https:\/\/schema.org","@graph":[{"@type":"WebPage","@id":"https:\/\/administradoracmj.com\/","url":"https:\/\/administradoracmj.com\/","name":"Carmen Moreno: Tu Abogada y Administradora de Fincas de Confianza - Carmen Moreno","isPartOf":{"@id":"https:\/\/administradoracmj.com\/#website"},"primaryImageOfPage":{"@id":"https:\/\/administradoracmj.com\/#primaryimage"},"image":{"@id":"https:\/\/administradoracmj.com\/#primaryimage"},"thumbnailUrl":"https:\/\/administradoracmj.com\/wp-content\/uploads\/2023\/11\/kelly-sikkema-m4kw7twpA6k-unsplash-683x1024.webp","datePublished":"2023-11-20T17:36:01+00:00","dateModified":"2023-11-23T17:28:44+00:00","breadcrumb":{"@id":"https:\/\/administradoracmj.com\/#breadcrumb"},"inLanguage":"ca","potentialAction":[{"@type":"ReadAction","target":["https:\/\/administradoracmj.com\/"]}]},{"@type":"ImageObject","inLanguage":"ca","@id":"https:\/\/administradoracmj.com\/#primaryimage","url":"https:\/\/administradoracmj.com\/wp-content\/uploads\/2023\/11\/kelly-sikkema-m4kw7twpA6k-unsplash-683x1024.webp","contentUrl":"https:\/\/administradoracmj.com\/wp-content\/uploads\/2023\/11\/kelly-sikkema-m4kw7twpA6k-unsplash-683x1024.webp"},{"@type":"BreadcrumbList","@id":"https:\/\/administradoracmj.com\/#breadcrumb","itemListElement":[{"@type":"ListItem","position":1,"name":"Portada","item":"https:\/\/administradoracmj.com\/"},{"@type":"ListItem","position":2,"name":"Carmen Moreno: Tu Abogada y Administradora de Fincas de Confianza"}]},{"@type":"WebSite","@id":"https:\/\/administradoracmj.com\/#website","url":"https:\/\/administradoracmj.com\/","name":"Carmen Moreno","description":"Carmen Moreno: Tu Abogada y Administradora de Fincas de Confianza","publisher":{"@id":"https:\/\/administradoracmj.com\/#organization"},"potentialAction":[{"@type":"SearchAction","target":{"@type":"EntryPoint","urlTemplate":"https:\/\/administradoracmj.com\/?s={search_term_string}"},"query-input":"required name=search_term_string"}],"inLanguage":"ca"},{"@type":"Organization","@id":"https:\/\/administradoracmj.com\/#organization","name":"Carmen Moreno","url":"https:\/\/administradoracmj.com\/","logo":{"@type":"ImageObject","inLanguage":"ca","@id":"https:\/\/administradoracmj.com\/#\/schema\/logo\/image\/","url":"https:\/\/administradoracmj.com\/wp-content\/uploads\/2023\/11\/logo_yello.png","contentUrl":"https:\/\/administradoracmj.com\/wp-content\/uploads\/2023\/11\/logo_yello.png","width":3343,"height":362,"caption":"Carmen Moreno"},"image":{"@id":"https:\/\/administradoracmj.com\/#\/schema\/logo\/image\/"}}]}},"_links":{"self":[{"href":"https:\/\/administradoracmj.com\/ca\/wp-json\/wp\/v2\/pages\/83","targetHints":{"allow":["GET"]}}],"collection":[{"href":"https:\/\/administradoracmj.com\/ca\/wp-json\/wp\/v2\/pages"}],"about":[{"href":"https:\/\/administradoracmj.com\/ca\/wp-json\/wp\/v2\/types\/page"}],"author":[{"embeddable":true,"href":"https:\/\/administradoracmj.com\/ca\/wp-json\/wp\/v2\/users\/1"}],"replies":[{"embeddable":true,"href":"https:\/\/administradoracmj.com\/ca\/wp-json\/wp\/v2\/comments?post=83"}],"version-history":[{"count":41,"href":"https:\/\/administradoracmj.com\/ca\/wp-json\/wp\/v2\/pages\/83\/revisions"}],"predecessor-version":[{"id":238,"href":"https:\/\/administradoracmj.com\/ca\/wp-json\/wp\/v2\/pages\/83\/revisions\/238"}],"wp:attachment":[{"href":"https:\/\/administradoracmj.com\/ca\/wp-json\/wp\/v2\/media?parent=83"}],"curies":[{"name":"wp","href":"https:\/\/api.w.org\/{rel}","templated":true}]}}