{"id":167,"date":"2023-11-20T19:12:14","date_gmt":"2023-11-20T19:12:14","guid":{"rendered":"https:\/\/administradoracmj.com\/?page_id=167"},"modified":"2023-11-20T19:50:10","modified_gmt":"2023-11-20T19:50:10","slug":"sobre-nosotros","status":"publish","type":"page","link":"https:\/\/administradoracmj.com\/ca\/sobre-nosotros\/","title":{"rendered":"Sobre Nosaltres"},"content":{"rendered":"<div data-elementor-type=\"wp-page\" data-elementor-id=\"167\" class=\"elementor elementor-167\" data-elementor-post-type=\"page\">\n\t\t\t\t<div class=\"elementor-element elementor-element-54e78a2 e-con-full e-flex e-con e-parent\" data-id=\"54e78a2\" data-element_type=\"container\" data-settings=\"{&quot;background_background&quot;:&quot;classic&quot;}\" data-core-v316-plus=\"true\">\n\t\t<div class=\"elementor-element elementor-element-cf52a92 e-flex e-con-boxed e-con e-child\" data-id=\"cf52a92\" data-element_type=\"container\">\n\t\t\t\t\t<div class=\"e-con-inner\">\n\t\t\t\t<div class=\"elementor-element elementor-element-3475b55 animated-slow elementor-invisible elementor-widget elementor-widget-heading\" data-id=\"3475b55\" data-element_type=\"widget\" data-settings=\"{&quot;_animation&quot;:&quot;fadeIn&quot;}\" data-widget_type=\"heading.default\">\n\t\t\t\t<div class=\"elementor-widget-container\">\n\t\t\t<style>\/*! elementor - v3.20.0 - 26-03-2024 *\/\n.elementor-heading-title{padding:0;margin:0;line-height:1}.elementor-widget-heading .elementor-heading-title[class*=elementor-size-]>a{color:inherit;font-size:inherit;line-height:inherit}.elementor-widget-heading .elementor-heading-title.elementor-size-small{font-size:15px}.elementor-widget-heading .elementor-heading-title.elementor-size-medium{font-size:19px}.elementor-widget-heading .elementor-heading-title.elementor-size-large{font-size:29px}.elementor-widget-heading .elementor-heading-title.elementor-size-xl{font-size:39px}.elementor-widget-heading .elementor-heading-title.elementor-size-xxl{font-size:59px}<\/style><h1 class=\"elementor-heading-title elementor-size-default\">SOBRE NOSALTRES<\/h1>\t\t<\/div>\n\t\t\t\t<\/div>\n\t\t\t\t<div class=\"elementor-element elementor-element-c150ea7 elementor-widget__width-initial elementor-widget-mobile__width-inherit animated-slow elementor-invisible elementor-widget elementor-widget-text-editor\" data-id=\"c150ea7\" data-element_type=\"widget\" data-settings=\"{&quot;_animation&quot;:&quot;fadeIn&quot;,&quot;_animation_delay&quot;:300}\" data-widget_type=\"text-editor.default\">\n\t\t\t\t<div class=\"elementor-widget-container\">\n\t\t\t<style>\/*! elementor - v3.20.0 - 26-03-2024 *\/\n.elementor-widget-text-editor.elementor-drop-cap-view-stacked .elementor-drop-cap{background-color:#69727d;color:#fff}.elementor-widget-text-editor.elementor-drop-cap-view-framed .elementor-drop-cap{color:#69727d;border:3px solid;background-color:transparent}.elementor-widget-text-editor:not(.elementor-drop-cap-view-default) .elementor-drop-cap{margin-top:8px}.elementor-widget-text-editor:not(.elementor-drop-cap-view-default) .elementor-drop-cap-letter{width:1em;height:1em}.elementor-widget-text-editor .elementor-drop-cap{float:left;text-align:center;line-height:1;font-size:50px}.elementor-widget-text-editor .elementor-drop-cap-letter{display:inline-block}<\/style>\t\t\t\t<p>En l'oficina de Carme Moreno, combinem m\u00e9s de 25 anys d'experi\u00e8ncia legal i en administraci\u00f3 de finques amb un enfocament en relacions pr\u00f2ximes i familiars amb els nostres clients.<\/p>\t\t\t\t\t\t<\/div>\n\t\t\t\t<\/div>\n\t\t\t\t\t<\/div>\n\t\t\t\t<\/div>\n\t\t\t\t<\/div>\n\t\t<div class=\"elementor-element elementor-element-77eba4a e-flex e-con-boxed e-con e-parent\" data-id=\"77eba4a\" data-element_type=\"container\" data-settings=\"{&quot;background_background&quot;:&quot;classic&quot;}\" data-core-v316-plus=\"true\">\n\t\t\t\t\t<div class=\"e-con-inner\">\n\t\t\t\t<div class=\"elementor-element elementor-element-b0969e0 elementor-widget elementor-widget-text-editor\" data-id=\"b0969e0\" data-element_type=\"widget\" data-widget_type=\"text-editor.default\">\n\t\t\t\t<div class=\"elementor-widget-container\">\n\t\t\t\t\t\t\t<p>Com a advocada i administradora col\u00b7legiada tant a Sabadell com a Barcelona i Lleida, CM porta un nivell de professionalisme i experi\u00e8ncia que \u00e9s dif\u00edcil de superar.<\/p><p>El nostre negoci familiar se centra en un tracte directe i personalitzat, assegurant que cada client se senti part de la nostra fam\u00edlia i ben at\u00e8s en les seves necessitats legals i administratives.<\/p>\t\t\t\t\t\t<\/div>\n\t\t\t\t<\/div>\n\t\t\t\t\t<\/div>\n\t\t\t\t<\/div>\n\t\t<div class=\"elementor-element elementor-element-2db32883 e-flex e-con-boxed e-con e-parent\" data-id=\"2db32883\" data-element_type=\"container\" data-settings=\"{&quot;background_background&quot;:&quot;classic&quot;}\" data-core-v316-plus=\"true\">\n\t\t\t\t\t<div class=\"e-con-inner\">\n\t\t<div class=\"elementor-element elementor-element-6ae89c85 e-con-full e-flex e-con e-child\" data-id=\"6ae89c85\" data-element_type=\"container\">\n\t\t\t\t<div class=\"elementor-element elementor-element-1e3e37ed elementor-widget-tablet__width-initial elementor-widget-mobile__width-inherit elementor-widget__width-initial elementor-widget elementor-widget-icon-box\" data-id=\"1e3e37ed\" data-element_type=\"widget\" data-widget_type=\"icon-box.default\">\n\t\t\t\t<div class=\"elementor-widget-container\">\n\t\t\t<link rel=\"stylesheet\" href=\"https:\/\/administradoracmj.com\/wp-content\/plugins\/elementor\/assets\/css\/widget-icon-box.min.css\">\t\t<div class=\"elementor-icon-box-wrapper\">\n\t\t\t\t\t\t<div class=\"elementor-icon-box-content\">\n\t\t\t\t<h3 class=\"elementor-icon-box-title\">\n\t\t\t\t\t<span  >\n\t\t\t\t\t\tLa nostra Filosofia\t\t\t\t\t<\/span>\n\t\t\t\t<\/h3>\n\t\t\t\t\t\t\t\t\t<p class=\"elementor-icon-box-description\">\n\t\t\t\t\t\tCreiem fermament en el tracte personal i directe. Per a nosaltres, cada client \u00e9s part de la nostra gran fam\u00edlia. Aquesta filosofia es reflecteix en com abordem cada cas: amb dedicaci\u00f3, empatia i una comunicaci\u00f3 oberta i honesta. El nostre objectiu \u00e9s que et sentis escoltat, compr\u00e8s i sobretot, ben representat.\t\t\t\t\t<\/p>\n\t\t\t\t\t\t\t<\/div>\n\t\t<\/div>\n\t\t\t\t<\/div>\n\t\t\t\t<\/div>\n\t\t\t\t<div class=\"elementor-element elementor-element-6c6e3543 elementor-widget-tablet__width-initial elementor-widget-mobile__width-inherit elementor-widget__width-initial elementor-widget elementor-widget-icon-box\" data-id=\"6c6e3543\" data-element_type=\"widget\" data-widget_type=\"icon-box.default\">\n\t\t\t\t<div class=\"elementor-widget-container\">\n\t\t\t\t\t<div class=\"elementor-icon-box-wrapper\">\n\t\t\t\t\t\t<div class=\"elementor-icon-box-content\">\n\t\t\t\t<h3 class=\"elementor-icon-box-title\">\n\t\t\t\t\t<span  >\n\t\t\t\t\t\tEl nostre Enfocament\t\t\t\t\t<\/span>\n\t\t\t\t<\/h3>\n\t\t\t\t\t\t\t\t\t<p class=\"elementor-icon-box-description\">\n\t\t\t\t\t\tEns destaquem per adaptar-nos a les necessitats de cada client. En un m\u00f3n on la tecnologia avan\u00e7a r\u00e0pidament, ens esforcem per oferir solucions que incorporen les eines m\u00e9s modernes, mantenint sempre un enfocament hum\u00e0 i accessible. Aix\u00f2 ens permet brindar un servei eficient i alhora, pr\u00f2xim.\t\t\t\t\t<\/p>\n\t\t\t\t\t\t\t<\/div>\n\t\t<\/div>\n\t\t\t\t<\/div>\n\t\t\t\t<\/div>\n\t\t\t\t<div class=\"elementor-element elementor-element-fea321f elementor-widget-tablet__width-initial elementor-widget-mobile__width-inherit elementor-widget__width-initial elementor-widget elementor-widget-icon-box\" data-id=\"fea321f\" data-element_type=\"widget\" data-widget_type=\"icon-box.default\">\n\t\t\t\t<div class=\"elementor-widget-container\">\n\t\t\t\t\t<div class=\"elementor-icon-box-wrapper\">\n\t\t\t\t\t\t<div class=\"elementor-icon-box-content\">\n\t\t\t\t<h3 class=\"elementor-icon-box-title\">\n\t\t\t\t\t<span  >\n\t\t\t\t\t\tComprom\u00eds amb l'Actualitzaci\u00f3 i la Formaci\u00f3\t\t\t\t\t<\/span>\n\t\t\t\t<\/h3>\n\t\t\t\t\t\t\t\t\t<p class=\"elementor-icon-box-description\">\n\t\t\t\t\t\tLa llei est\u00e0 en constant evoluci\u00f3, i nosaltres tamb\u00e9. Carme Moreno es mant\u00e9 sempre actualitzada en les \u00faltimes tend\u00e8ncies i canvis legislatius, assegurant que els nostres clients rebin l'assessoria m\u00e9s precisa i rellevant. A m\u00e9s, invertim en formaci\u00f3 cont\u00ednua per a estar a l'avantguarda en gesti\u00f3 de finques i dret.\t\t\t\t\t<\/p>\n\t\t\t\t\t\t\t<\/div>\n\t\t<\/div>\n\t\t\t\t<\/div>\n\t\t\t\t<\/div>\n\t\t\t\t<\/div>\n\t\t\t\t\t<\/div>\n\t\t\t\t<\/div>\n\t\t\t\t<\/div>","protected":false},"excerpt":{"rendered":"<p>Sobre nosotros En la oficina de Carme Moreno, combinamos m\u00e1s de 25 a\u00f1os de experiencia legal y en administraci\u00f3n de fincas con un enfoque en relaciones cercanas y familiares con nuestros clientes. Como abogada y administradora colegiada tanto en Sabadell como en Barcelona y Lleida, CM trae un nivel de profesionalismo y experiencia que es [&hellip;]<\/p>","protected":false},"author":1,"featured_media":0,"parent":0,"menu_order":0,"comment_status":"closed","ping_status":"closed","template":"","meta":{"footnotes":""},"class_list":["post-167","page","type-page","status-publish","hentry"],"yoast_head":"<!-- This site is optimized with the Yoast SEO plugin v22.4 - https:\/\/yoast.com\/wordpress\/plugins\/seo\/ -->\n<title>Sobre Nosotros - Carmen Moreno<\/title>\n<meta name=\"robots\" content=\"index, follow, max-snippet:-1, max-image-preview:large, max-video-preview:-1\" \/>\n<link rel=\"canonical\" href=\"https:\/\/administradoracmj.com\/ca\/sobre-nosotros\/\" \/>\n<meta property=\"og:locale\" content=\"ca_ES\" \/>\n<meta property=\"og:type\" content=\"article\" \/>\n<meta property=\"og:title\" content=\"Sobre Nosotros - Carmen Moreno\" \/>\n<meta property=\"og:description\" content=\"Sobre nosotros En la oficina de Carme Moreno, combinamos m\u00e1s de 25 a\u00f1os de experiencia legal y en administraci\u00f3n de fincas con un enfoque en relaciones cercanas y familiares con nuestros clientes. Como abogada y administradora colegiada tanto en Sabadell como en Barcelona y Lleida, CM trae un nivel de profesionalismo y experiencia que es [&hellip;]\" \/>\n<meta property=\"og:url\" content=\"https:\/\/administradoracmj.com\/ca\/sobre-nosotros\/\" \/>\n<meta property=\"og:site_name\" content=\"Carmen Moreno\" \/>\n<meta property=\"article:modified_time\" content=\"2023-11-20T19:50:10+00:00\" \/>\n<meta name=\"twitter:card\" content=\"summary_large_image\" \/>\n<meta name=\"twitter:label1\" content=\"Temps estimat de lectura\" \/>\n\t<meta name=\"twitter:data1\" content=\"1 minut\" \/>\n<script type=\"application\/ld+json\" class=\"yoast-schema-graph\">{\"@context\":\"https:\/\/schema.org\",\"@graph\":[{\"@type\":\"WebPage\",\"@id\":\"https:\/\/administradoracmj.com\/sobre-nosotros\/\",\"url\":\"https:\/\/administradoracmj.com\/sobre-nosotros\/\",\"name\":\"Sobre Nosotros - Carmen Moreno\",\"isPartOf\":{\"@id\":\"https:\/\/administradoracmj.com\/#website\"},\"datePublished\":\"2023-11-20T19:12:14+00:00\",\"dateModified\":\"2023-11-20T19:50:10+00:00\",\"breadcrumb\":{\"@id\":\"https:\/\/administradoracmj.com\/sobre-nosotros\/#breadcrumb\"},\"inLanguage\":\"ca\",\"potentialAction\":[{\"@type\":\"ReadAction\",\"target\":[\"https:\/\/administradoracmj.com\/sobre-nosotros\/\"]}]},{\"@type\":\"BreadcrumbList\",\"@id\":\"https:\/\/administradoracmj.com\/sobre-nosotros\/#breadcrumb\",\"itemListElement\":[{\"@type\":\"ListItem\",\"position\":1,\"name\":\"Portada\",\"item\":\"https:\/\/administradoracmj.com\/\"},{\"@type\":\"ListItem\",\"position\":2,\"name\":\"Sobre Nosotros\"}]},{\"@type\":\"WebSite\",\"@id\":\"https:\/\/administradoracmj.com\/#website\",\"url\":\"https:\/\/administradoracmj.com\/\",\"name\":\"Carmen Moreno\",\"description\":\"Carmen Moreno: Tu Abogada y Administradora de Fincas de Confianza\",\"publisher\":{\"@id\":\"https:\/\/administradoracmj.com\/#organization\"},\"potentialAction\":[{\"@type\":\"SearchAction\",\"target\":{\"@type\":\"EntryPoint\",\"urlTemplate\":\"https:\/\/administradoracmj.com\/?s={search_term_string}\"},\"query-input\":\"required name=search_term_string\"}],\"inLanguage\":\"ca\"},{\"@type\":\"Organization\",\"@id\":\"https:\/\/administradoracmj.com\/#organization\",\"name\":\"Carmen Moreno\",\"url\":\"https:\/\/administradoracmj.com\/\",\"logo\":{\"@type\":\"ImageObject\",\"inLanguage\":\"ca\",\"@id\":\"https:\/\/administradoracmj.com\/#\/schema\/logo\/image\/\",\"url\":\"https:\/\/administradoracmj.com\/wp-content\/uploads\/2023\/11\/logo_yello.png\",\"contentUrl\":\"https:\/\/administradoracmj.com\/wp-content\/uploads\/2023\/11\/logo_yello.png\",\"width\":3343,\"height\":362,\"caption\":\"Carmen Moreno\"},\"image\":{\"@id\":\"https:\/\/administradoracmj.com\/#\/schema\/logo\/image\/\"}}]}<\/script>\n<!-- \/ Yoast SEO plugin. -->","yoast_head_json":{"title":"Sobre Nosotros - Carmen Moreno","robots":{"index":"index","follow":"follow","max-snippet":"max-snippet:-1","max-image-preview":"max-image-preview:large","max-video-preview":"max-video-preview:-1"},"canonical":"https:\/\/administradoracmj.com\/ca\/sobre-nosotros\/","og_locale":"ca_ES","og_type":"article","og_title":"Sobre Nosotros - Carmen Moreno","og_description":"Sobre nosotros En la oficina de Carme Moreno, combinamos m\u00e1s de 25 a\u00f1os de experiencia legal y en administraci\u00f3n de fincas con un enfoque en relaciones cercanas y familiares con nuestros clientes. Como abogada y administradora colegiada tanto en Sabadell como en Barcelona y Lleida, CM trae un nivel de profesionalismo y experiencia que es [&hellip;]","og_url":"https:\/\/administradoracmj.com\/ca\/sobre-nosotros\/","og_site_name":"Carmen Moreno","article_modified_time":"2023-11-20T19:50:10+00:00","twitter_card":"summary_large_image","twitter_misc":{"Temps estimat de lectura":"1 minut"},"schema":{"@context":"https:\/\/schema.org","@graph":[{"@type":"WebPage","@id":"https:\/\/administradoracmj.com\/sobre-nosotros\/","url":"https:\/\/administradoracmj.com\/sobre-nosotros\/","name":"Sobre Nosotros - Carmen Moreno","isPartOf":{"@id":"https:\/\/administradoracmj.com\/#website"},"datePublished":"2023-11-20T19:12:14+00:00","dateModified":"2023-11-20T19:50:10+00:00","breadcrumb":{"@id":"https:\/\/administradoracmj.com\/sobre-nosotros\/#breadcrumb"},"inLanguage":"ca","potentialAction":[{"@type":"ReadAction","target":["https:\/\/administradoracmj.com\/sobre-nosotros\/"]}]},{"@type":"BreadcrumbList","@id":"https:\/\/administradoracmj.com\/sobre-nosotros\/#breadcrumb","itemListElement":[{"@type":"ListItem","position":1,"name":"Portada","item":"https:\/\/administradoracmj.com\/"},{"@type":"ListItem","position":2,"name":"Sobre Nosotros"}]},{"@type":"WebSite","@id":"https:\/\/administradoracmj.com\/#website","url":"https:\/\/administradoracmj.com\/","name":"Carmen Moreno","description":"Carmen Moreno: Tu Abogada y Administradora de Fincas de Confianza","publisher":{"@id":"https:\/\/administradoracmj.com\/#organization"},"potentialAction":[{"@type":"SearchAction","target":{"@type":"EntryPoint","urlTemplate":"https:\/\/administradoracmj.com\/?s={search_term_string}"},"query-input":"required name=search_term_string"}],"inLanguage":"ca"},{"@type":"Organization","@id":"https:\/\/administradoracmj.com\/#organization","name":"Carmen Moreno","url":"https:\/\/administradoracmj.com\/","logo":{"@type":"ImageObject","inLanguage":"ca","@id":"https:\/\/administradoracmj.com\/#\/schema\/logo\/image\/","url":"https:\/\/administradoracmj.com\/wp-content\/uploads\/2023\/11\/logo_yello.png","contentUrl":"https:\/\/administradoracmj.com\/wp-content\/uploads\/2023\/11\/logo_yello.png","width":3343,"height":362,"caption":"Carmen Moreno"},"image":{"@id":"https:\/\/administradoracmj.com\/#\/schema\/logo\/image\/"}}]}},"_links":{"self":[{"href":"https:\/\/administradoracmj.com\/ca\/wp-json\/wp\/v2\/pages\/167","targetHints":{"allow":["GET"]}}],"collection":[{"href":"https:\/\/administradoracmj.com\/ca\/wp-json\/wp\/v2\/pages"}],"about":[{"href":"https:\/\/administradoracmj.com\/ca\/wp-json\/wp\/v2\/types\/page"}],"author":[{"embeddable":true,"href":"https:\/\/administradoracmj.com\/ca\/wp-json\/wp\/v2\/users\/1"}],"replies":[{"embeddable":true,"href":"https:\/\/administradoracmj.com\/ca\/wp-json\/wp\/v2\/comments?post=167"}],"version-history":[{"count":13,"href":"https:\/\/administradoracmj.com\/ca\/wp-json\/wp\/v2\/pages\/167\/revisions"}],"predecessor-version":[{"id":210,"href":"https:\/\/administradoracmj.com\/ca\/wp-json\/wp\/v2\/pages\/167\/revisions\/210"}],"wp:attachment":[{"href":"https:\/\/administradoracmj.com\/ca\/wp-json\/wp\/v2\/media?parent=167"}],"curies":[{"name":"wp","href":"https:\/\/api.w.org\/{rel}","templated":true}]}}