{"id":125,"date":"2023-11-20T18:18:54","date_gmt":"2023-11-20T18:18:54","guid":{"rendered":"https:\/\/administradoracmj.com\/?page_id=125"},"modified":"2023-11-20T19:47:42","modified_gmt":"2023-11-20T19:47:42","slug":"servicios","status":"publish","type":"page","link":"https:\/\/administradoracmj.com\/ca\/servicios\/","title":{"rendered":"Serveis"},"content":{"rendered":"<div data-elementor-type=\"wp-page\" data-elementor-id=\"125\" class=\"elementor elementor-125\" data-elementor-post-type=\"page\">\n\t\t\t\t<div class=\"elementor-element elementor-element-6fae40f1 e-con-full e-flex e-con e-parent\" data-id=\"6fae40f1\" data-element_type=\"container\" data-settings=\"{&quot;background_background&quot;:&quot;classic&quot;}\" data-core-v316-plus=\"true\">\n\t\t<div class=\"elementor-element elementor-element-3d3c9c56 e-flex e-con-boxed e-con e-child\" data-id=\"3d3c9c56\" data-element_type=\"container\">\n\t\t\t\t\t<div class=\"e-con-inner\">\n\t\t\t\t<div class=\"elementor-element elementor-element-37db2e3b animated-slow elementor-invisible elementor-widget elementor-widget-heading\" data-id=\"37db2e3b\" data-element_type=\"widget\" data-settings=\"{&quot;_animation&quot;:&quot;fadeIn&quot;}\" data-widget_type=\"heading.default\">\n\t\t\t\t<div class=\"elementor-widget-container\">\n\t\t\t<style>\/*! elementor - v3.20.0 - 26-03-2024 *\/\n.elementor-heading-title{padding:0;margin:0;line-height:1}.elementor-widget-heading .elementor-heading-title[class*=elementor-size-]>a{color:inherit;font-size:inherit;line-height:inherit}.elementor-widget-heading .elementor-heading-title.elementor-size-small{font-size:15px}.elementor-widget-heading .elementor-heading-title.elementor-size-medium{font-size:19px}.elementor-widget-heading .elementor-heading-title.elementor-size-large{font-size:29px}.elementor-widget-heading .elementor-heading-title.elementor-size-xl{font-size:39px}.elementor-widget-heading .elementor-heading-title.elementor-size-xxl{font-size:59px}<\/style><h1 class=\"elementor-heading-title elementor-size-default\">Nuestros servicios<\/h1>\t\t<\/div>\n\t\t\t\t<\/div>\n\t\t\t\t<div class=\"elementor-element elementor-element-534e31e7 elementor-widget__width-initial elementor-widget-mobile__width-inherit animated-slow elementor-invisible elementor-widget elementor-widget-text-editor\" data-id=\"534e31e7\" data-element_type=\"widget\" data-settings=\"{&quot;_animation&quot;:&quot;fadeIn&quot;,&quot;_animation_delay&quot;:300}\" data-widget_type=\"text-editor.default\">\n\t\t\t\t<div class=\"elementor-widget-container\">\n\t\t\t<style>\/*! elementor - v3.20.0 - 26-03-2024 *\/\n.elementor-widget-text-editor.elementor-drop-cap-view-stacked .elementor-drop-cap{background-color:#69727d;color:#fff}.elementor-widget-text-editor.elementor-drop-cap-view-framed .elementor-drop-cap{color:#69727d;border:3px solid;background-color:transparent}.elementor-widget-text-editor:not(.elementor-drop-cap-view-default) .elementor-drop-cap{margin-top:8px}.elementor-widget-text-editor:not(.elementor-drop-cap-view-default) .elementor-drop-cap-letter{width:1em;height:1em}.elementor-widget-text-editor .elementor-drop-cap{float:left;text-align:center;line-height:1;font-size:50px}.elementor-widget-text-editor .elementor-drop-cap-letter{display:inline-block}<\/style>\t\t\t\tEn Carmen Moreno, advocada i administradora de finques col\u00b7legiada, oferim un ventall de serveis legals personalitzats. El nostre enfocament familiar i directe garanteix solucions a mesura per a la gesti\u00f3 de propietats, her\u00e8ncies i reclamacions judicials.\t\t\t\t\t\t<\/div>\n\t\t\t\t<\/div>\n\t\t\t\t\t<\/div>\n\t\t\t\t<\/div>\n\t\t<div class=\"elementor-element elementor-element-3fde8922 e-con-full e-flex e-con e-child\" data-id=\"3fde8922\" data-element_type=\"container\">\n\t\t<div class=\"elementor-element elementor-element-77f1665d e-con-full animated-slow e-flex elementor-invisible e-con e-child\" data-id=\"77f1665d\" data-element_type=\"container\" data-settings=\"{&quot;animation&quot;:&quot;fadeInLeft&quot;,&quot;animation_delay&quot;:500}\">\n\t\t\t\t<div class=\"elementor-element elementor-element-1f9c603d elementor-cta--layout-image-above elementor-widget__width-inherit elementor-widget-tablet__width-inherit elementor-cta--skin-classic elementor-animated-content elementor-bg-transform elementor-bg-transform-zoom-in elementor-widget elementor-widget-call-to-action\" data-id=\"1f9c603d\" data-element_type=\"widget\" data-widget_type=\"call-to-action.default\">\n\t\t\t\t<div class=\"elementor-widget-container\">\n\t\t\t<link rel=\"stylesheet\" href=\"https:\/\/administradoracmj.com\/wp-content\/plugins\/elementor-pro\/assets\/css\/widget-call-to-action.min.css\">\t\t<div class=\"elementor-cta\">\n\t\t\t\t\t<div class=\"elementor-cta__bg-wrapper\">\n\t\t\t\t<div class=\"elementor-cta__bg elementor-bg\" style=\"background-image: url(https:\/\/administradoracmj.com\/wp-content\/uploads\/2023\/11\/scott-graham-OQMZwNd3ThU-unsplash-1024x683.webp);\" role=\"img\" aria-label=\"Gesti\u00f3n de Comunidades\"><\/div>\n\t\t\t\t<div class=\"elementor-cta__bg-overlay\"><\/div>\n\t\t\t<\/div>\n\t\t\t\t\t\t\t<div class=\"elementor-cta__content\">\n\t\t\t\t\n\t\t\t\t\t\t\t\t\t<h2 class=\"elementor-cta__title elementor-cta__content-item elementor-content-item\">\n\t\t\t\t\t\tGesti\u00f3 Integral de Comunitats de Propietaris\t\t\t\t\t<\/h2>\n\t\t\t\t\n\t\t\t\t\t\t\t\t\t<div class=\"elementor-cta__description elementor-cta__content-item elementor-content-item\">\n\t\t\t\t\t\tOferim una gesti\u00f3 integral de la teva comunitat, assegurant un ambient harm\u00f2nic i eficient. Des de l'organitzaci\u00f3 de juntes de ve\u00efns fins a la gesti\u00f3 de reparacions i manteniments, ens encarreguem de tot amb un enfocament personal i atent als detalls.\t\t\t\t\t<\/div>\n\t\t\t\t\n\t\t\t\t\t\t\t<\/div>\n\t\t\t\t\t\t<\/div>\n\t\t\t\t<\/div>\n\t\t\t\t<\/div>\n\t\t\t\t<\/div>\n\t\t<div class=\"elementor-element elementor-element-4ae7a5e e-con-full animated-slow e-flex elementor-invisible e-con e-child\" data-id=\"4ae7a5e\" data-element_type=\"container\" data-settings=\"{&quot;animation&quot;:&quot;fadeInLeft&quot;,&quot;animation_delay&quot;:900}\">\n\t\t\t\t<div class=\"elementor-element elementor-element-14f76e43 elementor-cta--layout-image-above elementor-widget__width-inherit elementor-widget-tablet__width-inherit elementor-cta--skin-classic elementor-animated-content elementor-bg-transform elementor-bg-transform-zoom-in elementor-widget elementor-widget-call-to-action\" data-id=\"14f76e43\" data-element_type=\"widget\" data-widget_type=\"call-to-action.default\">\n\t\t\t\t<div class=\"elementor-widget-container\">\n\t\t\t\t\t<div class=\"elementor-cta\">\n\t\t\t\t\t<div class=\"elementor-cta__bg-wrapper\">\n\t\t\t\t<div class=\"elementor-cta__bg elementor-bg\" style=\"background-image: url(https:\/\/administradoracmj.com\/wp-content\/uploads\/2023\/11\/laura-fuhrman-73OJLcahQHg-unsplash-1024x683.webp);\" role=\"img\" aria-label=\"Her\u00e8ncies\"><\/div>\n\t\t\t\t<div class=\"elementor-cta__bg-overlay\"><\/div>\n\t\t\t<\/div>\n\t\t\t\t\t\t\t<div class=\"elementor-cta__content\">\n\t\t\t\t\n\t\t\t\t\t\t\t\t\t<h2 class=\"elementor-cta__title elementor-cta__content-item elementor-content-item\">\n\t\t\t\t\t\tHer\u00e8ncies\t\t\t\t\t<\/h2>\n\t\t\t\t\n\t\t\t\t\t\t\t\t\t<div class=\"elementor-cta__description elementor-cta__content-item elementor-content-item\">\n\t\t\t\t\t\tEntenem que el maneig d'her\u00e8ncies pot ser un proc\u00e9s sensible i complex. Ens especialitzem a brindar assessorament clar i suport durant tot el proc\u00e9s, assegurant que els teus drets i els dels teus sers estimats siguin respectats i protegits.\t\t\t\t\t<\/div>\n\t\t\t\t\n\t\t\t\t\t\t\t<\/div>\n\t\t\t\t\t\t<\/div>\n\t\t\t\t<\/div>\n\t\t\t\t<\/div>\n\t\t\t\t<\/div>\n\t\t<div class=\"elementor-element elementor-element-5cf1062f e-con-full animated-slow e-flex elementor-invisible e-con e-child\" data-id=\"5cf1062f\" data-element_type=\"container\" data-settings=\"{&quot;animation&quot;:&quot;fadeInLeft&quot;,&quot;animation_delay&quot;:1000}\">\n\t\t\t\t<div class=\"elementor-element elementor-element-6dfa5097 elementor-cta--layout-image-above elementor-widget__width-inherit elementor-widget-tablet__width-inherit elementor-cta--skin-classic elementor-animated-content elementor-bg-transform elementor-bg-transform-zoom-in elementor-widget elementor-widget-call-to-action\" data-id=\"6dfa5097\" data-element_type=\"widget\" data-widget_type=\"call-to-action.default\">\n\t\t\t\t<div class=\"elementor-widget-container\">\n\t\t\t\t\t<div class=\"elementor-cta\">\n\t\t\t\t\t<div class=\"elementor-cta__bg-wrapper\">\n\t\t\t\t<div class=\"elementor-cta__bg elementor-bg\" style=\"background-image: url(https:\/\/administradoracmj.com\/wp-content\/uploads\/2023\/11\/luis-villasmil-4V8uMZx8FYA-unsplash-1024x685.webp);\" role=\"img\" aria-label=\"Reclamacions Judicials a Morosos\"><\/div>\n\t\t\t\t<div class=\"elementor-cta__bg-overlay\"><\/div>\n\t\t\t<\/div>\n\t\t\t\t\t\t\t<div class=\"elementor-cta__content\">\n\t\t\t\t\n\t\t\t\t\t\t\t\t\t<h2 class=\"elementor-cta__title elementor-cta__content-item elementor-content-item\">\n\t\t\t\t\t\tReclamacions Judicials a Morosos\t\t\t\t\t<\/h2>\n\t\t\t\t\n\t\t\t\t\t\t\t\t\t<div class=\"elementor-cta__description elementor-cta__content-item elementor-content-item\">\n\t\t\t\t\t\tEns ocupem de les reclamacions judicials a morosos amb fermesa i professionalitat. El nostre objectiu \u00e9s solucionar aquests inconvenients de la manera m\u00e9s r\u00e0pida i efectiva possible, sempre buscant el millor resultat per a la nostra comunitat.\t\t\t\t\t<\/div>\n\t\t\t\t\n\t\t\t\t\t\t\t<\/div>\n\t\t\t\t\t\t<\/div>\n\t\t\t\t<\/div>\n\t\t\t\t<\/div>\n\t\t\t\t<\/div>\n\t\t\t\t<\/div>\n\t\t\t\t<\/div>\n\t\t\t\t<\/div>","protected":false},"excerpt":{"rendered":"<p>Nuestros servicios En Carmen Moreno, abogada y administradora de fincas colegiada, ofrecemos un abanico de servicios legales personalizados. Nuestro enfoque familiar y directo garantiza soluciones a medida para la gesti\u00f3n de propiedades, herencias y reclamaciones judiciales. Gesti\u00f3n Integral de Comunidades de Propietarios Ofrecemos una gesti\u00f3n integral de tu comunidad, asegurando un ambiente arm\u00f3nico y eficiente. [&hellip;]<\/p>","protected":false},"author":1,"featured_media":0,"parent":0,"menu_order":0,"comment_status":"closed","ping_status":"closed","template":"","meta":{"footnotes":""},"class_list":["post-125","page","type-page","status-publish","hentry"],"yoast_head":"<!-- This site is optimized with the Yoast SEO plugin v22.4 - https:\/\/yoast.com\/wordpress\/plugins\/seo\/ -->\n<title>Servicios - Carmen Moreno<\/title>\n<meta name=\"robots\" content=\"index, follow, max-snippet:-1, max-image-preview:large, max-video-preview:-1\" \/>\n<link rel=\"canonical\" href=\"https:\/\/administradoracmj.com\/ca\/servicios\/\" \/>\n<meta property=\"og:locale\" content=\"ca_ES\" \/>\n<meta property=\"og:type\" content=\"article\" \/>\n<meta property=\"og:title\" content=\"Servicios - Carmen Moreno\" \/>\n<meta property=\"og:description\" content=\"Nuestros servicios En Carmen Moreno, abogada y administradora de fincas colegiada, ofrecemos un abanico de servicios legales personalizados. Nuestro enfoque familiar y directo garantiza soluciones a medida para la gesti\u00f3n de propiedades, herencias y reclamaciones judiciales. Gesti\u00f3n Integral de Comunidades de Propietarios Ofrecemos una gesti\u00f3n integral de tu comunidad, asegurando un ambiente arm\u00f3nico y eficiente. [&hellip;]\" \/>\n<meta property=\"og:url\" content=\"https:\/\/administradoracmj.com\/ca\/servicios\/\" \/>\n<meta property=\"og:site_name\" content=\"Carmen Moreno\" \/>\n<meta property=\"article:modified_time\" content=\"2023-11-20T19:47:42+00:00\" \/>\n<meta name=\"twitter:card\" content=\"summary_large_image\" \/>\n<meta name=\"twitter:label1\" content=\"Temps estimat de lectura\" \/>\n\t<meta name=\"twitter:data1\" content=\"1 minut\" \/>\n<script type=\"application\/ld+json\" class=\"yoast-schema-graph\">{\"@context\":\"https:\/\/schema.org\",\"@graph\":[{\"@type\":\"WebPage\",\"@id\":\"https:\/\/administradoracmj.com\/servicios\/\",\"url\":\"https:\/\/administradoracmj.com\/servicios\/\",\"name\":\"Servicios - Carmen Moreno\",\"isPartOf\":{\"@id\":\"https:\/\/administradoracmj.com\/#website\"},\"datePublished\":\"2023-11-20T18:18:54+00:00\",\"dateModified\":\"2023-11-20T19:47:42+00:00\",\"breadcrumb\":{\"@id\":\"https:\/\/administradoracmj.com\/servicios\/#breadcrumb\"},\"inLanguage\":\"ca\",\"potentialAction\":[{\"@type\":\"ReadAction\",\"target\":[\"https:\/\/administradoracmj.com\/servicios\/\"]}]},{\"@type\":\"BreadcrumbList\",\"@id\":\"https:\/\/administradoracmj.com\/servicios\/#breadcrumb\",\"itemListElement\":[{\"@type\":\"ListItem\",\"position\":1,\"name\":\"Portada\",\"item\":\"https:\/\/administradoracmj.com\/\"},{\"@type\":\"ListItem\",\"position\":2,\"name\":\"Servicios\"}]},{\"@type\":\"WebSite\",\"@id\":\"https:\/\/administradoracmj.com\/#website\",\"url\":\"https:\/\/administradoracmj.com\/\",\"name\":\"Carmen Moreno\",\"description\":\"Carmen Moreno: Tu Abogada y Administradora de Fincas de Confianza\",\"publisher\":{\"@id\":\"https:\/\/administradoracmj.com\/#organization\"},\"potentialAction\":[{\"@type\":\"SearchAction\",\"target\":{\"@type\":\"EntryPoint\",\"urlTemplate\":\"https:\/\/administradoracmj.com\/?s={search_term_string}\"},\"query-input\":\"required name=search_term_string\"}],\"inLanguage\":\"ca\"},{\"@type\":\"Organization\",\"@id\":\"https:\/\/administradoracmj.com\/#organization\",\"name\":\"Carmen Moreno\",\"url\":\"https:\/\/administradoracmj.com\/\",\"logo\":{\"@type\":\"ImageObject\",\"inLanguage\":\"ca\",\"@id\":\"https:\/\/administradoracmj.com\/#\/schema\/logo\/image\/\",\"url\":\"https:\/\/administradoracmj.com\/wp-content\/uploads\/2023\/11\/logo_yello.png\",\"contentUrl\":\"https:\/\/administradoracmj.com\/wp-content\/uploads\/2023\/11\/logo_yello.png\",\"width\":3343,\"height\":362,\"caption\":\"Carmen Moreno\"},\"image\":{\"@id\":\"https:\/\/administradoracmj.com\/#\/schema\/logo\/image\/\"}}]}<\/script>\n<!-- \/ Yoast SEO plugin. -->","yoast_head_json":{"title":"Servicios - Carmen Moreno","robots":{"index":"index","follow":"follow","max-snippet":"max-snippet:-1","max-image-preview":"max-image-preview:large","max-video-preview":"max-video-preview:-1"},"canonical":"https:\/\/administradoracmj.com\/ca\/servicios\/","og_locale":"ca_ES","og_type":"article","og_title":"Servicios - Carmen Moreno","og_description":"Nuestros servicios En Carmen Moreno, abogada y administradora de fincas colegiada, ofrecemos un abanico de servicios legales personalizados. Nuestro enfoque familiar y directo garantiza soluciones a medida para la gesti\u00f3n de propiedades, herencias y reclamaciones judiciales. Gesti\u00f3n Integral de Comunidades de Propietarios Ofrecemos una gesti\u00f3n integral de tu comunidad, asegurando un ambiente arm\u00f3nico y eficiente. [&hellip;]","og_url":"https:\/\/administradoracmj.com\/ca\/servicios\/","og_site_name":"Carmen Moreno","article_modified_time":"2023-11-20T19:47:42+00:00","twitter_card":"summary_large_image","twitter_misc":{"Temps estimat de lectura":"1 minut"},"schema":{"@context":"https:\/\/schema.org","@graph":[{"@type":"WebPage","@id":"https:\/\/administradoracmj.com\/servicios\/","url":"https:\/\/administradoracmj.com\/servicios\/","name":"Servicios - Carmen Moreno","isPartOf":{"@id":"https:\/\/administradoracmj.com\/#website"},"datePublished":"2023-11-20T18:18:54+00:00","dateModified":"2023-11-20T19:47:42+00:00","breadcrumb":{"@id":"https:\/\/administradoracmj.com\/servicios\/#breadcrumb"},"inLanguage":"ca","potentialAction":[{"@type":"ReadAction","target":["https:\/\/administradoracmj.com\/servicios\/"]}]},{"@type":"BreadcrumbList","@id":"https:\/\/administradoracmj.com\/servicios\/#breadcrumb","itemListElement":[{"@type":"ListItem","position":1,"name":"Portada","item":"https:\/\/administradoracmj.com\/"},{"@type":"ListItem","position":2,"name":"Servicios"}]},{"@type":"WebSite","@id":"https:\/\/administradoracmj.com\/#website","url":"https:\/\/administradoracmj.com\/","name":"Carmen Moreno","description":"Carmen Moreno: Tu Abogada y Administradora de Fincas de Confianza","publisher":{"@id":"https:\/\/administradoracmj.com\/#organization"},"potentialAction":[{"@type":"SearchAction","target":{"@type":"EntryPoint","urlTemplate":"https:\/\/administradoracmj.com\/?s={search_term_string}"},"query-input":"required name=search_term_string"}],"inLanguage":"ca"},{"@type":"Organization","@id":"https:\/\/administradoracmj.com\/#organization","name":"Carmen Moreno","url":"https:\/\/administradoracmj.com\/","logo":{"@type":"ImageObject","inLanguage":"ca","@id":"https:\/\/administradoracmj.com\/#\/schema\/logo\/image\/","url":"https:\/\/administradoracmj.com\/wp-content\/uploads\/2023\/11\/logo_yello.png","contentUrl":"https:\/\/administradoracmj.com\/wp-content\/uploads\/2023\/11\/logo_yello.png","width":3343,"height":362,"caption":"Carmen Moreno"},"image":{"@id":"https:\/\/administradoracmj.com\/#\/schema\/logo\/image\/"}}]}},"_links":{"self":[{"href":"https:\/\/administradoracmj.com\/ca\/wp-json\/wp\/v2\/pages\/125","targetHints":{"allow":["GET"]}}],"collection":[{"href":"https:\/\/administradoracmj.com\/ca\/wp-json\/wp\/v2\/pages"}],"about":[{"href":"https:\/\/administradoracmj.com\/ca\/wp-json\/wp\/v2\/types\/page"}],"author":[{"embeddable":true,"href":"https:\/\/administradoracmj.com\/ca\/wp-json\/wp\/v2\/users\/1"}],"replies":[{"embeddable":true,"href":"https:\/\/administradoracmj.com\/ca\/wp-json\/wp\/v2\/comments?post=125"}],"version-history":[{"count":28,"href":"https:\/\/administradoracmj.com\/ca\/wp-json\/wp\/v2\/pages\/125\/revisions"}],"predecessor-version":[{"id":204,"href":"https:\/\/administradoracmj.com\/ca\/wp-json\/wp\/v2\/pages\/125\/revisions\/204"}],"wp:attachment":[{"href":"https:\/\/administradoracmj.com\/ca\/wp-json\/wp\/v2\/media?parent=125"}],"curies":[{"name":"wp","href":"https:\/\/api.w.org\/{rel}","templated":true}]}}